{"id":11524,"date":"2024-08-23T17:42:08","date_gmt":"2024-08-23T17:42:08","guid":{"rendered":"https:\/\/senorfrogs.com\/sfmenu\/?page_id=11524"},"modified":"2025-01-28T15:39:37","modified_gmt":"2025-01-28T15:39:37","slug":"pdc-quinta-es-menu-taco-tuesday","status":"publish","type":"page","link":"https:\/\/senorfrogs.com\/sfmenu\/pdc-quinta-es-menu-taco-tuesday\/","title":{"rendered":"PDC QUINTA ES &#8211; Menu TACO TUESDAY"},"content":{"rendered":"\t\t<div data-elementor-type=\"wp-page\" data-elementor-id=\"11524\" class=\"elementor elementor-11524\">\n\t\t\t\t\t\t\t\t\t<section class=\"elementor-section elementor-top-section elementor-element elementor-element-d248457 elementor-section-full_width ot-traditional elementor-section-height-default elementor-section-height-default\" data-id=\"d248457\" data-element_type=\"section\">\n\t\t\t\t\t\t<div class=\"elementor-container elementor-column-gap-custom\">\n\t\t\t\t\t<div class=\"elementor-column elementor-col-100 elementor-top-column elementor-element elementor-element-b53db9d ot-flex-column-vertical\" data-id=\"b53db9d\" data-element_type=\"column\">\n\t\t\t<div class=\"elementor-widget-wrap elementor-element-populated\">\n\t\t\t\t\t\t\t\t<section class=\"elementor-section elementor-inner-section elementor-element elementor-element-8eba53d elementor-section-full_width ot-layout_block elementor-section-height-default elementor-section-height-default\" data-id=\"8eba53d\" data-element_type=\"section\">\n\t\t\t\t\t\t<div class=\"elementor-container elementor-column-gap-no\">\n\t\t\t\t\t<div class=\"elementor-column elementor-col-100 elementor-inner-column elementor-element elementor-element-21d9da3 ot-flex-column-vertical\" data-id=\"21d9da3\" data-element_type=\"column\">\n\t\t\t<div class=\"elementor-widget-wrap elementor-element-populated\">\n\t\t\t\t\t\t\t\t<div class=\"elementor-element elementor-element-6ed5438 elementor-widget elementor-widget-heading\" data-id=\"6ed5438\" data-element_type=\"widget\" data-widget_type=\"heading.default\">\n\t\t\t\t<div class=\"elementor-widget-container\">\n\t\t\t<style>\/*! elementor - v3.14.0 - 26-06-2023 *\/\n.elementor-heading-title{padding:0;margin:0;line-height:1}.elementor-widget-heading .elementor-heading-title[class*=elementor-size-]>a{color:inherit;font-size:inherit;line-height:inherit}.elementor-widget-heading .elementor-heading-title.elementor-size-small{font-size:15px}.elementor-widget-heading .elementor-heading-title.elementor-size-medium{font-size:19px}.elementor-widget-heading .elementor-heading-title.elementor-size-large{font-size:29px}.elementor-widget-heading .elementor-heading-title.elementor-size-xl{font-size:39px}.elementor-widget-heading .elementor-heading-title.elementor-size-xxl{font-size:59px}<\/style><h4 class=\"elementor-heading-title elementor-size-default\">TACO TUESDAY<\/h4>\t\t<\/div>\n\t\t\t\t<\/div>\n\t\t\t\t<div class=\"elementor-element elementor-element-24d3ecd elementor-widget elementor-widget-heading\" data-id=\"24d3ecd\" data-element_type=\"widget\" data-widget_type=\"heading.default\">\n\t\t\t\t<div class=\"elementor-widget-container\">\n\t\t\t<h4 class=\"elementor-heading-title elementor-size-medium\">*DISFRUTA DE TODOS LOS TACOS QUE PUEDAS COMER POR $380 MXN<\/h4>\t\t<\/div>\n\t\t\t\t<\/div>\n\t\t\t\t\t<\/div>\n\t\t<\/div>\n\t\t\t\t\t\t\t<\/div>\n\t\t<\/section>\n\t\t\t\t\t<\/div>\n\t\t<\/div>\n\t\t\t\t\t\t\t<\/div>\n\t\t<\/section>\n\t\t\t\t<section class=\"elementor-section elementor-top-section elementor-element elementor-element-c51a261 elementor-section-full_width ot-traditional elementor-section-height-default elementor-section-height-default\" data-id=\"c51a261\" data-element_type=\"section\">\n\t\t\t\t\t\t<div class=\"elementor-container elementor-column-gap-no\">\n\t\t\t\t\t<div class=\"elementor-column elementor-col-100 elementor-top-column elementor-element elementor-element-63a2ce9 ot-flex-column-vertical\" data-id=\"63a2ce9\" data-element_type=\"column\">\n\t\t\t<div class=\"elementor-widget-wrap elementor-element-populated\">\n\t\t\t\t\t\t\t\t<section class=\"elementor-section elementor-inner-section elementor-element elementor-element-b65c022 elementor-section-full_width elementor-section-content-middle ot-traditional elementor-section-height-default elementor-section-height-default\" data-id=\"b65c022\" data-element_type=\"section\">\n\t\t\t\t\t\t<div class=\"elementor-container elementor-column-gap-default\">\n\t\t\t\t\t<div class=\"elementor-column elementor-col-50 elementor-inner-column elementor-element elementor-element-41dc152 ot-flex-column-vertical\" data-id=\"41dc152\" data-element_type=\"column\">\n\t\t\t<div class=\"elementor-widget-wrap elementor-element-populated\">\n\t\t\t\t\t\t\t\t<div class=\"elementor-element elementor-element-a2d2d2a elementor-widget elementor-widget-text-editor\" data-id=\"a2d2d2a\" data-element_type=\"widget\" data-widget_type=\"text-editor.default\">\n\t\t\t\t<div class=\"elementor-widget-container\">\n\t\t\t<style>\/*! elementor - v3.14.0 - 26-06-2023 *\/\n.elementor-widget-text-editor.elementor-drop-cap-view-stacked .elementor-drop-cap{background-color:#69727d;color:#fff}.elementor-widget-text-editor.elementor-drop-cap-view-framed .elementor-drop-cap{color:#69727d;border:3px solid;background-color:transparent}.elementor-widget-text-editor:not(.elementor-drop-cap-view-default) .elementor-drop-cap{margin-top:8px}.elementor-widget-text-editor:not(.elementor-drop-cap-view-default) .elementor-drop-cap-letter{width:1em;height:1em}.elementor-widget-text-editor .elementor-drop-cap{float:left;text-align:center;line-height:1;font-size:50px}.elementor-widget-text-editor .elementor-drop-cap-letter{display:inline-block}<\/style>\t\t\t\t<p>CARNE ASADA<\/p>\t\t\t\t\t\t<\/div>\n\t\t\t\t<\/div>\n\t\t\t\t<div class=\"elementor-element elementor-element-e030aa0 elementor-widget elementor-widget-text-editor\" data-id=\"e030aa0\" data-element_type=\"widget\" data-widget_type=\"text-editor.default\">\n\t\t\t\t<div class=\"elementor-widget-container\">\n\t\t\t\t\t\t\t<p>Guacamole, cilantro, cebolla y limo\u0301n<\/p>\t\t\t\t\t\t<\/div>\n\t\t\t\t<\/div>\n\t\t\t\t\t<\/div>\n\t\t<\/div>\n\t\t\t\t<div class=\"elementor-column elementor-col-50 elementor-inner-column elementor-element elementor-element-8347178 ot-flex-column-vertical\" data-id=\"8347178\" data-element_type=\"column\">\n\t\t\t<div class=\"elementor-widget-wrap elementor-element-populated\">\n\t\t\t\t\t\t\t\t<div class=\"elementor-element elementor-element-f69e3b2 elementor-widget elementor-widget-image\" data-id=\"f69e3b2\" data-element_type=\"widget\" data-widget_type=\"image.default\">\n\t\t\t\t<div class=\"elementor-widget-container\">\n\t\t\t<style>\/*! elementor - v3.14.0 - 26-06-2023 *\/\n.elementor-widget-image{text-align:center}.elementor-widget-image a{display:inline-block}.elementor-widget-image a img[src$=\".svg\"]{width:48px}.elementor-widget-image img{vertical-align:middle;display:inline-block}<\/style>\t\t\t\t\t\t\t\t\t\t\t\t<img width=\"512\" height=\"512\" src=\"https:\/\/senorfrogs.com\/sfmenu\/wp-content\/uploads\/2024\/08\/OPEN-TABLE-SF-1.png\" class=\"attachment-large size-large wp-image-11701\" alt=\"\" loading=\"lazy\" srcset=\"https:\/\/senorfrogs.com\/sfmenu\/wp-content\/uploads\/2024\/08\/OPEN-TABLE-SF-1.png 512w, https:\/\/senorfrogs.com\/sfmenu\/wp-content\/uploads\/2024\/08\/OPEN-TABLE-SF-1-300x300.png 300w, https:\/\/senorfrogs.com\/sfmenu\/wp-content\/uploads\/2024\/08\/OPEN-TABLE-SF-1-150x150.png 150w\" sizes=\"(max-width: 512px) 100vw, 512px\" \/>\t\t\t\t\t\t\t\t\t\t\t\t\t\t\t<\/div>\n\t\t\t\t<\/div>\n\t\t\t\t\t<\/div>\n\t\t<\/div>\n\t\t\t\t\t\t\t<\/div>\n\t\t<\/section>\n\t\t\t\t<section class=\"elementor-section elementor-inner-section elementor-element elementor-element-64b6362 elementor-section-full_width elementor-section-content-middle ot-traditional elementor-section-height-default elementor-section-height-default\" data-id=\"64b6362\" data-element_type=\"section\">\n\t\t\t\t\t\t<div class=\"elementor-container elementor-column-gap-default\">\n\t\t\t\t\t<div class=\"elementor-column elementor-col-50 elementor-inner-column elementor-element elementor-element-c51c54a ot-flex-column-vertical\" data-id=\"c51c54a\" data-element_type=\"column\">\n\t\t\t<div class=\"elementor-widget-wrap elementor-element-populated\">\n\t\t\t\t\t\t\t\t<div class=\"elementor-element elementor-element-bab0523 elementor-widget elementor-widget-text-editor\" data-id=\"bab0523\" data-element_type=\"widget\" data-widget_type=\"text-editor.default\">\n\t\t\t\t<div class=\"elementor-widget-container\">\n\t\t\t\t\t\t\t<p>TINGA DE POLLO<\/p>\t\t\t\t\t\t<\/div>\n\t\t\t\t<\/div>\n\t\t\t\t<div class=\"elementor-element elementor-element-8b6adbe elementor-widget elementor-widget-text-editor\" data-id=\"8b6adbe\" data-element_type=\"widget\" data-widget_type=\"text-editor.default\">\n\t\t\t\t<div class=\"elementor-widget-container\">\n\t\t\t\t\t\t\t<p>Con pico de gallo y lim\u00f3n<\/p>\t\t\t\t\t\t<\/div>\n\t\t\t\t<\/div>\n\t\t\t\t\t<\/div>\n\t\t<\/div>\n\t\t\t\t<div class=\"elementor-column elementor-col-50 elementor-inner-column elementor-element elementor-element-69ee0cb ot-flex-column-vertical\" data-id=\"69ee0cb\" data-element_type=\"column\">\n\t\t\t<div class=\"elementor-widget-wrap elementor-element-populated\">\n\t\t\t\t\t\t\t\t<div class=\"elementor-element elementor-element-847a58c elementor-widget elementor-widget-image\" data-id=\"847a58c\" data-element_type=\"widget\" data-widget_type=\"image.default\">\n\t\t\t\t<div class=\"elementor-widget-container\">\n\t\t\t\t\t\t\t\t\t\t\t\t\t\t\t<img width=\"500\" height=\"500\" src=\"https:\/\/senorfrogs.com\/sfmenu\/wp-content\/uploads\/2024\/08\/Tacos-pollo-senor-frogs-menu-qr-1.jpg\" class=\"attachment-large size-large wp-image-11702\" alt=\"\" loading=\"lazy\" srcset=\"https:\/\/senorfrogs.com\/sfmenu\/wp-content\/uploads\/2024\/08\/Tacos-pollo-senor-frogs-menu-qr-1.jpg 500w, https:\/\/senorfrogs.com\/sfmenu\/wp-content\/uploads\/2024\/08\/Tacos-pollo-senor-frogs-menu-qr-1-300x300.jpg 300w, https:\/\/senorfrogs.com\/sfmenu\/wp-content\/uploads\/2024\/08\/Tacos-pollo-senor-frogs-menu-qr-1-150x150.jpg 150w\" sizes=\"(max-width: 500px) 100vw, 500px\" \/>\t\t\t\t\t\t\t\t\t\t\t\t\t\t\t<\/div>\n\t\t\t\t<\/div>\n\t\t\t\t\t<\/div>\n\t\t<\/div>\n\t\t\t\t\t\t\t<\/div>\n\t\t<\/section>\n\t\t\t\t<section class=\"elementor-section elementor-inner-section elementor-element elementor-element-4f5cef4 elementor-section-full_width elementor-section-content-middle ot-traditional elementor-section-height-default elementor-section-height-default\" data-id=\"4f5cef4\" data-element_type=\"section\">\n\t\t\t\t\t\t<div class=\"elementor-container elementor-column-gap-default\">\n\t\t\t\t\t<div class=\"elementor-column elementor-col-50 elementor-inner-column elementor-element elementor-element-aec07ec ot-flex-column-vertical\" data-id=\"aec07ec\" data-element_type=\"column\">\n\t\t\t<div class=\"elementor-widget-wrap elementor-element-populated\">\n\t\t\t\t\t\t\t\t<div class=\"elementor-element elementor-element-4369d54 elementor-widget elementor-widget-text-editor\" data-id=\"4369d54\" data-element_type=\"widget\" data-widget_type=\"text-editor.default\">\n\t\t\t\t<div class=\"elementor-widget-container\">\n\t\t\t\t\t\t\t<p>CAMAR\u00d3N A LA PARRILLA<\/p>\t\t\t\t\t\t<\/div>\n\t\t\t\t<\/div>\n\t\t\t\t<div class=\"elementor-element elementor-element-28362d8 elementor-widget elementor-widget-text-editor\" data-id=\"28362d8\" data-element_type=\"widget\" data-widget_type=\"text-editor.default\">\n\t\t\t\t<div class=\"elementor-widget-container\">\n\t\t\t\t\t\t\t<p>Guacamole, aderezo de chipotle, col, pico de gallo y&nbsp; lim\u00f3n<\/p>\t\t\t\t\t\t<\/div>\n\t\t\t\t<\/div>\n\t\t\t\t\t<\/div>\n\t\t<\/div>\n\t\t\t\t<div class=\"elementor-column elementor-col-50 elementor-inner-column elementor-element elementor-element-160896f ot-flex-column-vertical\" data-id=\"160896f\" data-element_type=\"column\">\n\t\t\t<div class=\"elementor-widget-wrap elementor-element-populated\">\n\t\t\t\t\t\t\t\t<div class=\"elementor-element elementor-element-a442073 elementor-widget elementor-widget-image\" data-id=\"a442073\" data-element_type=\"widget\" data-widget_type=\"image.default\">\n\t\t\t\t<div class=\"elementor-widget-container\">\n\t\t\t\t\t\t\t\t\t\t\t\t\t\t\t<img width=\"500\" height=\"500\" src=\"https:\/\/senorfrogs.com\/sfmenu\/wp-content\/uploads\/2024\/08\/taco-camaron.jpg\" class=\"attachment-large size-large wp-image-11703\" alt=\"\" loading=\"lazy\" srcset=\"https:\/\/senorfrogs.com\/sfmenu\/wp-content\/uploads\/2024\/08\/taco-camaron.jpg 500w, https:\/\/senorfrogs.com\/sfmenu\/wp-content\/uploads\/2024\/08\/taco-camaron-300x300.jpg 300w, https:\/\/senorfrogs.com\/sfmenu\/wp-content\/uploads\/2024\/08\/taco-camaron-150x150.jpg 150w\" sizes=\"(max-width: 500px) 100vw, 500px\" \/>\t\t\t\t\t\t\t\t\t\t\t\t\t\t\t<\/div>\n\t\t\t\t<\/div>\n\t\t\t\t\t<\/div>\n\t\t<\/div>\n\t\t\t\t\t\t\t<\/div>\n\t\t<\/section>\n\t\t\t\t<section class=\"elementor-section elementor-inner-section elementor-element elementor-element-8362c06 elementor-section-full_width elementor-section-content-middle ot-traditional elementor-section-height-default elementor-section-height-default\" data-id=\"8362c06\" data-element_type=\"section\">\n\t\t\t\t\t\t<div class=\"elementor-container elementor-column-gap-default\">\n\t\t\t\t\t<div class=\"elementor-column elementor-col-50 elementor-inner-column elementor-element elementor-element-6e9f1e9 ot-flex-column-vertical\" data-id=\"6e9f1e9\" data-element_type=\"column\">\n\t\t\t<div class=\"elementor-widget-wrap elementor-element-populated\">\n\t\t\t\t\t\t\t\t<div class=\"elementor-element elementor-element-efe6cc0 elementor-widget elementor-widget-text-editor\" data-id=\"efe6cc0\" data-element_type=\"widget\" data-widget_type=\"text-editor.default\">\n\t\t\t\t<div class=\"elementor-widget-container\">\n\t\t\t\t\t\t\t<p>TACOS BAJA<\/p>\t\t\t\t\t\t<\/div>\n\t\t\t\t<\/div>\n\t\t\t\t<div class=\"elementor-element elementor-element-74bda1e elementor-widget elementor-widget-text-editor\" data-id=\"74bda1e\" data-element_type=\"widget\" data-widget_type=\"text-editor.default\">\n\t\t\t\t<div class=\"elementor-widget-container\">\n\t\t\t\t\t\t\t<p>De pescado, capeado, col y pico de gallo. Con aderezo ranch y chipotle.<\/p>\t\t\t\t\t\t<\/div>\n\t\t\t\t<\/div>\n\t\t\t\t\t<\/div>\n\t\t<\/div>\n\t\t\t\t<div class=\"elementor-column elementor-col-50 elementor-inner-column elementor-element elementor-element-54f5eb4 ot-flex-column-vertical\" data-id=\"54f5eb4\" data-element_type=\"column\">\n\t\t\t<div class=\"elementor-widget-wrap elementor-element-populated\">\n\t\t\t\t\t\t\t\t<div class=\"elementor-element elementor-element-2dffd0f elementor-widget elementor-widget-image\" data-id=\"2dffd0f\" data-element_type=\"widget\" data-widget_type=\"image.default\">\n\t\t\t\t<div class=\"elementor-widget-container\">\n\t\t\t\t\t\t\t\t\t\t\t\t\t\t\t<img width=\"500\" height=\"500\" src=\"https:\/\/senorfrogs.com\/sfmenu\/wp-content\/uploads\/2024\/08\/Tacos-baja-senor-frogs-menu-qr.jpg\" class=\"attachment-large size-large wp-image-11704\" alt=\"\" loading=\"lazy\" srcset=\"https:\/\/senorfrogs.com\/sfmenu\/wp-content\/uploads\/2024\/08\/Tacos-baja-senor-frogs-menu-qr.jpg 500w, https:\/\/senorfrogs.com\/sfmenu\/wp-content\/uploads\/2024\/08\/Tacos-baja-senor-frogs-menu-qr-300x300.jpg 300w, https:\/\/senorfrogs.com\/sfmenu\/wp-content\/uploads\/2024\/08\/Tacos-baja-senor-frogs-menu-qr-150x150.jpg 150w\" sizes=\"(max-width: 500px) 100vw, 500px\" \/>\t\t\t\t\t\t\t\t\t\t\t\t\t\t\t<\/div>\n\t\t\t\t<\/div>\n\t\t\t\t\t<\/div>\n\t\t<\/div>\n\t\t\t\t\t\t\t<\/div>\n\t\t<\/section>\n\t\t\t\t<section class=\"elementor-section elementor-inner-section elementor-element elementor-element-b7a0639 elementor-section-full_width elementor-section-content-middle ot-traditional elementor-section-height-default elementor-section-height-default\" data-id=\"b7a0639\" data-element_type=\"section\">\n\t\t\t\t\t\t<div class=\"elementor-container elementor-column-gap-default\">\n\t\t\t\t\t<div class=\"elementor-column elementor-col-50 elementor-inner-column elementor-element elementor-element-404d8fb ot-flex-column-vertical\" data-id=\"404d8fb\" data-element_type=\"column\">\n\t\t\t<div class=\"elementor-widget-wrap elementor-element-populated\">\n\t\t\t\t\t\t\t\t<div class=\"elementor-element elementor-element-a6c600a elementor-widget elementor-widget-text-editor\" data-id=\"a6c600a\" data-element_type=\"widget\" data-widget_type=\"text-editor.default\">\n\t\t\t\t<div class=\"elementor-widget-container\">\n\t\t\t\t\t\t\t<p>PESCADO BLACKENED<\/p>\t\t\t\t\t\t<\/div>\n\t\t\t\t<\/div>\n\t\t\t\t<div class=\"elementor-element elementor-element-ca91845 elementor-widget elementor-widget-text-editor\" data-id=\"ca91845\" data-element_type=\"widget\" data-widget_type=\"text-editor.default\">\n\t\t\t\t<div class=\"elementor-widget-container\">\n\t\t\t\t\t\t\t<p>Aderezo ranch, chipotle, col, granos de elote, pimiento morr\u00f3n, cilantro y queso fresco<\/p>\t\t\t\t\t\t<\/div>\n\t\t\t\t<\/div>\n\t\t\t\t\t<\/div>\n\t\t<\/div>\n\t\t\t\t<div class=\"elementor-column elementor-col-50 elementor-inner-column elementor-element elementor-element-9c79d5e ot-flex-column-vertical\" data-id=\"9c79d5e\" data-element_type=\"column\">\n\t\t\t<div class=\"elementor-widget-wrap elementor-element-populated\">\n\t\t\t\t\t\t\t\t<div class=\"elementor-element elementor-element-848aa5a elementor-widget elementor-widget-image\" data-id=\"848aa5a\" data-element_type=\"widget\" data-widget_type=\"image.default\">\n\t\t\t\t<div class=\"elementor-widget-container\">\n\t\t\t\t\t\t\t\t\t\t\t\t\t\t\t<img width=\"1024\" height=\"1024\" src=\"https:\/\/senorfrogs.com\/sfmenu\/wp-content\/uploads\/2025\/01\/5-1-1024x1024-1.png\" class=\"attachment-large size-large wp-image-12856\" alt=\"\" loading=\"lazy\" srcset=\"https:\/\/senorfrogs.com\/sfmenu\/wp-content\/uploads\/2025\/01\/5-1-1024x1024-1.png 1024w, https:\/\/senorfrogs.com\/sfmenu\/wp-content\/uploads\/2025\/01\/5-1-1024x1024-1-300x300.png 300w, https:\/\/senorfrogs.com\/sfmenu\/wp-content\/uploads\/2025\/01\/5-1-1024x1024-1-150x150.png 150w, https:\/\/senorfrogs.com\/sfmenu\/wp-content\/uploads\/2025\/01\/5-1-1024x1024-1-768x768.png 768w, https:\/\/senorfrogs.com\/sfmenu\/wp-content\/uploads\/2025\/01\/5-1-1024x1024-1-720x720.png 720w\" sizes=\"(max-width: 1024px) 100vw, 1024px\" \/>\t\t\t\t\t\t\t\t\t\t\t\t\t\t\t<\/div>\n\t\t\t\t<\/div>\n\t\t\t\t\t<\/div>\n\t\t<\/div>\n\t\t\t\t\t\t\t<\/div>\n\t\t<\/section>\n\t\t\t\t\t<\/div>\n\t\t<\/div>\n\t\t\t\t\t\t\t<\/div>\n\t\t<\/section>\n\t\t\t\t<section class=\"elementor-section elementor-top-section elementor-element elementor-element-1fc4d8e ot-traditional elementor-section-boxed elementor-section-height-default elementor-section-height-default\" data-id=\"1fc4d8e\" data-element_type=\"section\">\n\t\t\t\t\t\t<div class=\"elementor-container elementor-column-gap-default\">\n\t\t\t\t\t<div class=\"elementor-column elementor-col-100 elementor-top-column elementor-element elementor-element-d67cec4 ot-flex-column-vertical\" data-id=\"d67cec4\" data-element_type=\"column\">\n\t\t\t<div class=\"elementor-widget-wrap elementor-element-populated\">\n\t\t\t\t\t\t\t\t<div class=\"elementor-element elementor-element-9c0f1aa elementor-widget elementor-widget-text-editor\" data-id=\"9c0f1aa\" data-element_type=\"widget\" data-widget_type=\"text-editor.default\">\n\t\t\t\t<div class=\"elementor-widget-container\">\n\t\t\t\t\t\t\t<p>*Esta promoci\u00f3n es v\u00e1lida los martes, de 2:00 p.m. a 9:00 p.m. en nuestras locaciones de Playa del Carmen, Canc\u00fan, Cozumel Punta Langosta y Los Cabos Party Zone. La promoci\u00f3n es v\u00e1lida por persona y no se puede compartir. Solo incluye los tacos mencionados en el men\u00fa especial.<\/p>\t\t\t\t\t\t<\/div>\n\t\t\t\t<\/div>\n\t\t\t\t\t<\/div>\n\t\t<\/div>\n\t\t\t\t\t\t\t<\/div>\n\t\t<\/section>\n\t\t\t\t\t\t\t<\/div>\n\t\t","protected":false},"excerpt":{"rendered":"<p>TACO TUESDAY *DISFRUTA DE TODOS LOS TACOS QUE PUEDAS COMER POR $380 MXN CARNE ASADA Guacamole, cilantro, cebolla y limo\u0301n TINGA DE POLLO Con pico de gallo y lim\u00f3n CAMAR\u00d3N A LA PARRILLA Guacamole, aderezo de chipotle, col, pico de gallo y&nbsp; lim\u00f3n TACOS BAJA De pescado, capeado, col y pico de gallo. Con aderezo [&hellip;]<\/p>\n","protected":false},"author":1,"featured_media":0,"parent":0,"menu_order":0,"comment_status":"closed","ping_status":"closed","template":"","meta":[],"_links":{"self":[{"href":"https:\/\/senorfrogs.com\/sfmenu\/wp-json\/wp\/v2\/pages\/11524"}],"collection":[{"href":"https:\/\/senorfrogs.com\/sfmenu\/wp-json\/wp\/v2\/pages"}],"about":[{"href":"https:\/\/senorfrogs.com\/sfmenu\/wp-json\/wp\/v2\/types\/page"}],"author":[{"embeddable":true,"href":"https:\/\/senorfrogs.com\/sfmenu\/wp-json\/wp\/v2\/users\/1"}],"replies":[{"embeddable":true,"href":"https:\/\/senorfrogs.com\/sfmenu\/wp-json\/wp\/v2\/comments?post=11524"}],"version-history":[{"count":50,"href":"https:\/\/senorfrogs.com\/sfmenu\/wp-json\/wp\/v2\/pages\/11524\/revisions"}],"predecessor-version":[{"id":12891,"href":"https:\/\/senorfrogs.com\/sfmenu\/wp-json\/wp\/v2\/pages\/11524\/revisions\/12891"}],"wp:attachment":[{"href":"https:\/\/senorfrogs.com\/sfmenu\/wp-json\/wp\/v2\/media?parent=11524"}],"curies":[{"name":"wp","href":"https:\/\/api.w.org\/{rel}","templated":true}]}}