{"id":5556,"date":"2020-06-08T16:07:14","date_gmt":"2020-06-08T22:07:14","guid":{"rendered":"https:\/\/senorfrogs.com\/menudigital\/?page_id=5556"},"modified":"2020-06-30T18:52:50","modified_gmt":"2020-07-01T00:52:50","slug":"mixologia-cozumel","status":"publish","type":"page","link":"https:\/\/senorfrogs.com\/menudigital\/mixologia-cozumel\/","title":{"rendered":"Menu Cozumel Centro Bebidas Espa\u00f1ol"},"content":{"rendered":"<p>[vc_row][vc_column width=&#8221;1\/6&#8243; offset=&#8221;vc_hidden-xs&#8221;][\/vc_column][vc_column width=&#8221;2\/3&#8243; offset=&#8221;vc_hidden-xs&#8221;][vc_empty_space height=&#8221;130px&#8221;]<div class=\"edgtf-section-title-holder first-tt \" style=\"text-align: center\">\n\t<div class=\"edgtf-st-inner\">\n\t\t\t\t\t\t\t<h3 class=\"edgtf-st-title\" >\n\t\t\t\tCOZUMEL<span class=\"edgtf-st-title-dot\">.<\/span>\t\t\t<\/h3>\n\t\t\t\t\t\t\t<\/div>\n<\/div>[vc_empty_space height=&#8221;30px&#8221;][vc_empty_space height=&#8221;30px&#8221;][\/vc_column][vc_column width=&#8221;1\/6&#8243; offset=&#8221;vc_hidden-xs&#8221;][\/vc_column][\/vc_row][vc_row][vc_column width=&#8221;1\/6&#8243; offset=&#8221;vc_hidden-lg vc_hidden-md vc_hidden-sm&#8221;][\/vc_column][vc_column width=&#8221;2\/3&#8243; offset=&#8221;vc_hidden-lg vc_hidden-md vc_hidden-sm&#8221;][vc_empty_space height=&#8221;80px&#8221;]<div class=\"edgtf-section-title-holder first-tt \" style=\"text-align: center\">\n\t<div class=\"edgtf-st-inner\">\n\t\t\t\t\t\t\t<h3 class=\"edgtf-st-title\" >\n\t\t\t\tCOZUMEL<span class=\"edgtf-st-title-dot\">.<\/span>\t\t\t<\/h3>\n\t\t\t\t\t\t\t<\/div>\n<\/div>[vc_empty_space height=&#8221;30px&#8221;][vc_empty_space height=&#8221;30px&#8221;][\/vc_column][vc_column width=&#8221;1\/6&#8243; offset=&#8221;vc_hidden-lg vc_hidden-md vc_hidden-sm&#8221;][\/vc_column][\/vc_row][vc_row row_content_width=&#8221;grid&#8221; content_text_aligment=&#8221;center&#8221; css=&#8221;.vc_custom_1589440163859{padding-top: 50px !important;padding-bottom: 50px !important;}&#8221;][vc_column width=&#8221;1\/3&#8243;][vc_single_image image=&#8221;5694&#8243; img_size=&#8221;full&#8221; add_caption=&#8221;yes&#8221; alignment=&#8221;center&#8221; onclick=&#8221;custom_link&#8221; css_animation=&#8221;none&#8221; link=&#8221;https:\/\/senorfrogs.com\/menudigital\/menu-cozumel\/&#8221;][vc_empty_space][\/vc_column][vc_column width=&#8221;1\/3&#8243;][vc_single_image image=&#8221;5657&#8243; img_size=&#8221;full&#8221; add_caption=&#8221;yes&#8221; alignment=&#8221;center&#8221; onclick=&#8221;custom_link&#8221; css_animation=&#8221;none&#8221; link=&#8221;https:\/\/senorfrogs.com\/menudigital\/mixologia-cozumel\/&#8221;][vc_empty_space][\/vc_column][vc_column width=&#8221;1\/3&#8243;][vc_single_image image=&#8221;5695&#8243; img_size=&#8221;full&#8221; add_caption=&#8221;yes&#8221; alignment=&#8221;center&#8221; onclick=&#8221;custom_link&#8221; img_link_target=&#8221;_blank&#8221; css_animation=&#8221;none&#8221; link=&#8221;https:\/\/www.tripadvisor.com.mx\/Restaurant_Review-g150809-d1352463-Reviews-Senor_Frog_s_Cozumel-Cozumel_Yucatan_Peninsula.html&#8221;][vc_empty_space][\/vc_column][\/vc_row][vc_row row_content_width=&#8221;grid&#8221; content_text_aligment=&#8221;center&#8221; css=&#8221;.vc_custom_1590703507487{padding-top: 50px !important;padding-bottom: 50px !important;}&#8221; el_class=&#8221;tabs-menu&#8221; el_id=&#8221;menu&#8221;][vc_column][vc_single_image image=&#8221;5083&#8243; img_size=&#8221;medium&#8221; alignment=&#8221;center&#8221;][vc_empty_space height=&#8221;50px&#8221;][\/vc_column][vc_column el_class=&#8221;menu-selector-dad drunk&#8221;][vc_raw_html]JTNDZGl2JTIwY2xhc3MlM0QlMjJtZW51LXNlbGVjdG9yJTIyJTNFJTBBJTNDdWwlMjBjbGFzcyUzRCUyMm5hdi1waWxscyUyMiUzRSUyMCUwQSUzQ2xpJTIwY2xhc3MlM0QlMjJzaWduYXR1cmUlMjBhY3RpdmUlMjIlMjByZWwlM0QlMjJ0ZXF1aWxhJTIyJTNFU2lnbmF0dXJlJTIwZHJpbmtzJTNDJTJGbGklM0UlMEElM0NsaSUyMGNsYXNzJTNEJTIyc2lnbmF0dXJlJTIyJTIwcmVsJTNEJTIyc2lnbmF0dXJlJTIyJTNFTWFyZ2FyaXRhcyUzQyUyRmxpJTNFJTBBJTNDbGklMjBjbGFzcyUzRCUyMiUyMiUyMHJlbCUzRCUyMm1hcmdhcml0YXMlMjIlM0VTaG90cyUzQyUyRmxpJTNFJTBBJTNDbGklMjBjbGFzcyUzRCUyMiUyMiUyMHJlbCUzRCUyMmRhaXF1aXJpcyUyMiUzRUNlcnZlemElM0MlMkZsaSUzRSUwQSUzQyUyRnVsJTNFJTBBJTNDJTJGZGl2JTNF[\/vc_raw_html][\/vc_column][vc_column][vc_row_inner el_id=&#8221;tequila&#8221; el_class=&#8221;menu-content&#8221;][vc_column_inner][vc_single_image image=&#8221;5482&#8243; img_size=&#8221;full&#8221;][vc_empty_space]<div class=\"edgtf-elements-holder   edgtf-two-columns  edgtf-responsive-mode-768 \" ><div class=\"edgtf-eh-item    \"  data-item-class=\"edgtf-eh-custom-7503\">\n\t<div class=\"edgtf-eh-item-inner\">\n\t\t<div class=\"edgtf-eh-item-content edgtf-eh-custom-7503\" >\n\t\t\t[vc_column_text]<\/p>\n<div class=\"drinks-style\">\n<h4>Yarda\u00a0<b>$298<\/b><\/h4>\n<h5>ICE BLUE MARGARITA (FROZEN)<\/h5>\n<p>Tequila, blue curacao y jugo de lim\u00f3n<\/p>\n<h5>MARGARITA (FROZEN O EN LAS ROCAS)<\/h5>\n<p>Tequila reposado, triple sec, lim\u00f3n y naranja<\/p>\n<h5>CARIBBEAN FROGS (FROZEN)<\/h5>\n<p>Ron, mango, mandarina, triple sec y jarabe<\/p>\n<h5>BAY BREEZE (EN LAS ROCAS)<\/h5>\n<p>Vodka, jugo de ar\u00e1ndano y jugo de pi\u00f1a<\/p>\n<h5>PANCHO VILLA (FROZEN)<\/h5>\n<p>Ron, vodka, pi\u00f1a colada y granadina<\/p>\n<h5>PEACH CRUSH (EN LAS ROCAS)<\/h5>\n<p>Vodka, jugo de ar\u00e1ndano, licor de durazno y jarabe<\/p>\n<h5>DESARMADOR (EN LAS ROCAS)<\/h5>\n<p>Vodka y jugo de naranja<\/p>\n<h5>BLUE LAGOON (EN LAS ROCAS)<\/h5>\n<p>Vodka, limonada y blue curacao<\/p>\n<\/div>\n<p>[\/vc_column_text]\t\t<\/div>\n\t<\/div>\n<\/div><div class=\"edgtf-eh-item    \"  data-item-class=\"edgtf-eh-custom-6567\">\n\t<div class=\"edgtf-eh-item-inner\">\n\t\t<div class=\"edgtf-eh-item-content edgtf-eh-custom-6567\" >\n\t\t\t[vc_column_text]<\/p>\n<div class=\"drinks-style\">\n<h5>BAHAMA MAMA (EN LAS ROCAS)<\/h5>\n<p>Ron, malibu, granadina y licor de pl\u00e1tano<\/p>\n<h5>BANANA FROGS (FROZEN)<\/h5>\n<p>Vodka, licor de caf\u00e9, pi\u00f1a colada y mix de pl\u00e1tano<\/p>\n<h5>SE\u00d1OR FROGS (FROZEN)<\/h5>\n<p>Ron, vodka, mix de durazno, licor de durazno, jugo de pi\u00f1a y jugo de lim\u00f3n<\/p>\n<h5>BIG FROG\u2019S (FROZEN)<\/h5>\n<p>Ron, licor de mel\u00f3n, jugo de naranja y jarabe<\/p>\n<h5>SEX ON THE BEACH (EN LAS ROCAS)<\/h5>\n<p>Vodka, licor de durazno, jugo de naranja y jugo de ar\u00e1ndano<\/p>\n<h5>TICKET TO FLY (FROZEN)<\/h5>\n<p>Ron, vodka, tequila, ginebra, pi\u00f1a colada y granadina<\/p>\n<h5>BLUE HAWAII (FROZEN)<\/h5>\n<p>Vodka, pi\u00f1a colada y blue curacao<\/p>\n<\/div>\n<p>[\/vc_column_text]\t\t<\/div>\n\t<\/div>\n<\/div><\/div>[\/vc_column_inner][\/vc_row_inner][vc_row_inner el_id=&#8221;signature&#8221; el_class=&#8221;menu-content category-hide&#8221;][vc_column_inner][vc_single_image image=&#8221;5423&#8243; img_size=&#8221;full&#8221;][vc_empty_space]<div class=\"edgtf-elements-holder   edgtf-two-columns  edgtf-responsive-mode-768 \" ><div class=\"edgtf-eh-item    \"  data-item-class=\"edgtf-eh-custom-2611\">\n\t<div class=\"edgtf-eh-item-inner\">\n\t\t<div class=\"edgtf-eh-item-content edgtf-eh-custom-2611\" >\n\t\t\t[vc_column_text]<\/p>\n<div class=\"drinks-style\">\n<h4>Yarda 28oz\u00a0<b>$476<\/b><\/h4>\n<h5>CADILLAC MARGARITA<\/h5>\n<p>\u00a1La n\u00famero uno!<br \/>\nCon tequila Herradura a\u00f1ejo, Grand Marnier y jugo de lim\u00f3n<\/p>\n<\/div>\n<p>[\/vc_column_text]\t\t<\/div>\n\t<\/div>\n<\/div><div class=\"edgtf-eh-item    \"  data-item-class=\"edgtf-eh-custom-8983\">\n\t<div class=\"edgtf-eh-item-inner\">\n\t\t<div class=\"edgtf-eh-item-content edgtf-eh-custom-8983\" >\n\t\t\t[vc_column_text]<\/p>\n<div class=\"drinks-style\">\n<h5>MOTHER FROGGER<\/h5>\n<p>Patron reposado, Patron blanco, Grand Marnier, lim\u00f3n, jarabe<\/p>\n<\/div>\n<p>[\/vc_column_text]\t\t<\/div>\n\t<\/div>\n<\/div><\/div>[\/vc_column_inner][\/vc_row_inner][vc_row_inner el_id=&#8221;margaritas&#8221; el_class=&#8221;menu-content category-hide&#8221;][vc_column_inner][vc_single_image image=&#8221;5531&#8243; img_size=&#8221;full&#8221;][vc_empty_space]<div class=\"edgtf-elements-holder   edgtf-two-columns  edgtf-responsive-mode-768 \" ><div class=\"edgtf-eh-item    \"  data-item-class=\"edgtf-eh-custom-2882\">\n\t<div class=\"edgtf-eh-item-inner\">\n\t\t<div class=\"edgtf-eh-item-content edgtf-eh-custom-2882\" >\n\t\t\t[vc_column_text]<\/p>\n<div class=\"drinks-style\">\n<h5>JAGGER $95<\/h5>\n<h5>BLOW JOB $89<\/h5>\n<p>Kahlua, Baylies y crema batida<\/p>\n<\/div>\n<p>[\/vc_column_text]\t\t<\/div>\n\t<\/div>\n<\/div><div class=\"edgtf-eh-item    \"  data-item-class=\"edgtf-eh-custom-6305\">\n\t<div class=\"edgtf-eh-item-inner\">\n\t\t<div class=\"edgtf-eh-item-content edgtf-eh-custom-6305\" >\n\t\t\t[vc_column_text]<\/p>\n<div class=\"drinks-style\">\n<h5>KAMIKAZE $75<\/h5>\n<p>Vodka, licor de mel\u00f3n, triple sec y jugo de lim\u00f3n<\/p>\n<h5>TEQUILA SHOT $107<\/h5>\n<p>Tequila de la casa<\/p>\n<\/div>\n<p>[\/vc_column_text]\t\t<\/div>\n\t<\/div>\n<\/div><\/div>[\/vc_column_inner][\/vc_row_inner][vc_row_inner el_id=&#8221;daiquiris&#8221; el_class=&#8221;menu-content category-hide&#8221;][vc_column_inner][vc_single_image image=&#8221;5421&#8243; img_size=&#8221;full&#8221;][vc_empty_space]<div class=\"edgtf-elements-holder   edgtf-two-columns  edgtf-responsive-mode-768 \" ><div class=\"edgtf-eh-item    \"  data-item-class=\"edgtf-eh-custom-6675\">\n\t<div class=\"edgtf-eh-item-inner\">\n\t\t<div class=\"edgtf-eh-item-content edgtf-eh-custom-6675\" >\n\t\t\t[vc_column_text]<\/p>\n<div class=\"drinks-style\">\n<h4>Cervezas Embotelladas<\/h4>\n<h5>XX LAGER\u00a0<strong>$67<\/strong><\/h5>\n<h5>SOL\u00a0<strong>$67<\/strong><\/h5>\n<h5>AMBAR\u00a0<strong>$67<\/strong><\/h5>\n<h5>TECATE\u00a0<strong>$75<\/strong><\/h5>\n<h5>TECATE LIGHT\u00a0<strong>$75<\/strong><\/h5>\n<h5>BOHEMIA\u00a0<strong>$75<\/strong><\/h5>\n<h5>INDIO\u00a0<strong>$75<\/strong><\/h5>\n<h5>HEINEKEN\u00a0<strong>$84<\/strong><\/h5>\n<h5>COORS LIGHT\u00a0<strong>$84<\/strong><\/h5>\n<h5>ULTRA\u00a0<strong>$84<\/strong><\/h5>\n<p>&nbsp;<\/p>\n<\/div>\n<p>[\/vc_column_text]\t\t<\/div>\n\t<\/div>\n<\/div><div class=\"edgtf-eh-item    \"  data-item-class=\"edgtf-eh-custom-7566\">\n\t<div class=\"edgtf-eh-item-inner\">\n\t\t<div class=\"edgtf-eh-item-content edgtf-eh-custom-7566\" >\n\t\t\t[vc_column_text]<\/p>\n<div class=\"drinks-style\">\n<h4>Cerveza de Barril<\/h4>\n<h5>Tarro 10oz\u00a0<strong>$67<\/strong><\/h5>\n<h5>Tarro 1lt\u00a0<strong>$225<\/strong><\/h5>\n<h5>Yarda 28oz\u00a0<strong>$210<\/strong><\/h5>\n<h5>Yarda Refill <strong>$190<\/strong><\/h5>\n<\/div>\n<p>[\/vc_column_text]\t\t<\/div>\n\t<\/div>\n<\/div><\/div>[\/vc_column_inner][\/vc_row_inner][\/vc_column][\/vc_row][vc_row row_content_width=&#8221;grid&#8221; css=&#8221;.vc_custom_1589583702909{margin-top: 50px !important;margin-bottom: 50px !important;}&#8221; el_id=&#8221;promotions&#8221;][vc_column width=&#8221;1\/2&#8243; offset=&#8221;vc_hidden-lg vc_hidden-md vc_hidden-sm vc_hidden-xs&#8221;][vc_hoverbox image=&#8221;5078&#8243; primary_title=&#8221;&#8221; hover_title=&#8221;TACO TUESDAY&#8221;]Every Tuesday applies. Ask for the promotion on the restaurant[\/vc_hoverbox][\/vc_column][vc_column width=&#8221;1\/2&#8243; offset=&#8221;vc_hidden-lg vc_hidden-md vc_hidden-sm vc_hidden-xs&#8221;][vc_hoverbox image=&#8221;5079&#8243; primary_title=&#8221;&#8221; hover_title=&#8221;LATIN NIGHT&#8221;]Every Sunday latin music.[\/vc_hoverbox][\/vc_column][\/vc_row]<\/p>\n","protected":false},"excerpt":{"rendered":"<p>[vc_row][vc_column width=&#8221;1\/6&#8243; offset=&#8221;vc_hidden-xs&#8221;][\/vc_column][vc_column width=&#8221;2\/3&#8243; offset=&#8221;vc_hidden-xs&#8221;][vc_empty_space height=&#8221;130px&#8221;][vc_empty_space height=&#8221;30px&#8221;][vc_empty_space height=&#8221;30px&#8221;][\/vc_column][vc_column width=&#8221;1\/6&#8243; offset=&#8221;vc_hidden-xs&#8221;][\/vc_column][\/vc_row][vc_row][vc_column width=&#8221;1\/6&#8243; offset=&#8221;vc_hidden-lg vc_hidden-md vc_hidden-sm&#8221;][\/vc_column][vc_column width=&#8221;2\/3&#8243; offset=&#8221;vc_hidden-lg vc_hidden-md vc_hidden-sm&#8221;][vc_empty_space height=&#8221;80px&#8221;][vc_empty_space height=&#8221;30px&#8221;][vc_empty_space height=&#8221;30px&#8221;][\/vc_column][vc_column width=&#8221;1\/6&#8243; offset=&#8221;vc_hidden-lg vc_hidden-md vc_hidden-sm&#8221;][\/vc_column][\/vc_row][vc_row row_content_width=&#8221;grid&#8221; content_text_aligment=&#8221;center&#8221; css=&#8221;.vc_custom_1589440163859{padding-top: 50px !important;padding-bottom: 50px !important;}&#8221;][vc_column width=&#8221;1\/3&#8243;][vc_single_image image=&#8221;5694&#8243; img_size=&#8221;full&#8221; add_caption=&#8221;yes&#8221; alignment=&#8221;center&#8221; onclick=&#8221;custom_link&#8221; css_animation=&#8221;none&#8221; link=&#8221;https:\/\/senorfrogs.com\/menudigital\/menu-cozumel\/&#8221;][vc_empty_space][\/vc_column][vc_column [&hellip;]<\/p>\n","protected":false},"author":2,"featured_media":5013,"parent":0,"menu_order":0,"comment_status":"closed","ping_status":"closed","template":"full-width.php","meta":{"wpupg_custom_link":[],"wpupg_custom_link_behaviour":["default"],"wpupg_custom_image":[],"wpupg_custom_image_id":[]},"_links":{"self":[{"href":"https:\/\/senorfrogs.com\/menudigital\/wp-json\/wp\/v2\/pages\/5556"}],"collection":[{"href":"https:\/\/senorfrogs.com\/menudigital\/wp-json\/wp\/v2\/pages"}],"about":[{"href":"https:\/\/senorfrogs.com\/menudigital\/wp-json\/wp\/v2\/types\/page"}],"author":[{"embeddable":true,"href":"https:\/\/senorfrogs.com\/menudigital\/wp-json\/wp\/v2\/users\/2"}],"replies":[{"embeddable":true,"href":"https:\/\/senorfrogs.com\/menudigital\/wp-json\/wp\/v2\/comments?post=5556"}],"version-history":[{"count":17,"href":"https:\/\/senorfrogs.com\/menudigital\/wp-json\/wp\/v2\/pages\/5556\/revisions"}],"predecessor-version":[{"id":5927,"href":"https:\/\/senorfrogs.com\/menudigital\/wp-json\/wp\/v2\/pages\/5556\/revisions\/5927"}],"wp:featuredmedia":[{"embeddable":true,"href":"https:\/\/senorfrogs.com\/menudigital\/wp-json\/wp\/v2\/media\/5013"}],"wp:attachment":[{"href":"https:\/\/senorfrogs.com\/menudigital\/wp-json\/wp\/v2\/media?parent=5556"}],"curies":[{"name":"wp","href":"https:\/\/api.w.org\/{rel}","templated":true}]}}