{"id":425,"date":"2023-11-22T16:37:14","date_gmt":"2023-11-22T16:37:14","guid":{"rendered":"https:\/\/senorfrogs.com\/frogspasscancun\/es\/?post_type=product&#038;p=425"},"modified":"2024-07-08T20:41:06","modified_gmt":"2024-07-08T20:41:06","slug":"frogs-pass-nuevo","status":"publish","type":"product","link":"https:\/\/senorfrogs.com\/frogspasscancun\/es\/producto\/frogs-pass-nuevo\/","title":{"rendered":"Frog&#8217;s Pass"},"content":{"rendered":"<p>\u00a1Vive\u00a0<strong>Se\u00f1or Frog&#8217;s Mexico<\/strong>\u00a0como nunca!<\/p>\n<p>Frog&#8217;s Pass es el ticket para la mejor noche de su vida.<\/p>\n<p>Incluye entrada, plato principal (s\u00f3lo platos seleccionados) y una bebida a elegir. Se aplica todos los d\u00edas de la semana seg\u00fan disponibilidad. No v\u00e1lido en d\u00edas festivos. Paquete v\u00e1lido por persona. Disponible en Canc\u00fan, Playa del Carmen, Cabos y Cozumel.<\/p>\n<p><b>El costo es en pesos mexicanos, considerando a $17 MXN la conversi\u00f3n<\/b><\/p>\n","protected":false},"excerpt":{"rendered":"<p><img decoding=\"async\" class=\"greatnight\" style=\"width:40%\" src=\"https:\/\/senorfrogs.com\/frogspasscancun\/wp-content\/uploads\/2024\/03\/gran-dia-RED-1.png\"><br \/>\n<strong>DISPONIBLE EN CANC\u00daN, PLAYA DEL CARMEN, COZUMEL Y LOS CABOS<\/strong><\/p>\n<p>Incluye<\/p>\n<ul>\n<li>Cover<\/li>\n<li>Entrada &amp; Plato Principal<\/li>\n<li>Una Bebida<\/li>\n<\/ul>\n<p>*PUEDEN APLICARSE T\u00c9RMINOS Y CONDICIONES<\/p>\n","protected":false},"featured_media":558,"template":"","meta":{"_seopress_robots_primary_cat":"none","_seopress_titles_title":"","_seopress_titles_desc":"","_seopress_robots_index":""},"product_brand":[],"product_cat":[15],"product_tag":[],"class_list":{"0":"post-425","1":"product","2":"type-product","3":"status-publish","4":"has-post-thumbnail","6":"product_cat-sin-categorizar","8":"first","9":"instock","10":"shipping-taxable","11":"purchasable","12":"product-type-simple"},"_links":{"self":[{"href":"https:\/\/senorfrogs.com\/frogspasscancun\/es\/wp-json\/wp\/v2\/product\/425","targetHints":{"allow":["GET"]}}],"collection":[{"href":"https:\/\/senorfrogs.com\/frogspasscancun\/es\/wp-json\/wp\/v2\/product"}],"about":[{"href":"https:\/\/senorfrogs.com\/frogspasscancun\/es\/wp-json\/wp\/v2\/types\/product"}],"wp:featuredmedia":[{"embeddable":true,"href":"https:\/\/senorfrogs.com\/frogspasscancun\/es\/wp-json\/wp\/v2\/media\/558"}],"wp:attachment":[{"href":"https:\/\/senorfrogs.com\/frogspasscancun\/es\/wp-json\/wp\/v2\/media?parent=425"}],"wp:term":[{"taxonomy":"product_brand","embeddable":true,"href":"https:\/\/senorfrogs.com\/frogspasscancun\/es\/wp-json\/wp\/v2\/product_brand?post=425"},{"taxonomy":"product_cat","embeddable":true,"href":"https:\/\/senorfrogs.com\/frogspasscancun\/es\/wp-json\/wp\/v2\/product_cat?post=425"},{"taxonomy":"product_tag","embeddable":true,"href":"https:\/\/senorfrogs.com\/frogspasscancun\/es\/wp-json\/wp\/v2\/product_tag?post=425"}],"curies":[{"name":"wp","href":"https:\/\/api.w.org\/{rel}","templated":true}]}}